{"id":4890,"date":"2022-04-05T13:54:29","date_gmt":"2022-04-05T13:54:29","guid":{"rendered":"https:\/\/patiotime.loftocean.com\/demo2\/?page_id=4890"},"modified":"2026-04-09T21:46:23","modified_gmt":"2026-04-09T21:46:23","slug":"about","status":"publish","type":"page","link":"https:\/\/fujikumo.fr\/index.php\/about\/","title":{"rendered":"About"},"content":{"rendered":"\t\t<div data-elementor-type=\"wp-page\" data-elementor-id=\"4890\" class=\"elementor elementor-4890\">\n\t\t\t\t\t\t<section class=\"elementor-section elementor-top-section elementor-element elementor-element-45fed3cf pt-section-content-fullwidth pt_scroll_y_180 pt-parallax-on-scroll elementor-section-boxed elementor-section-height-default elementor-section-height-default\" data-id=\"45fed3cf\" data-element_type=\"section\" data-e-type=\"section\" data-settings=\"{&quot;background_background&quot;:&quot;classic&quot;,&quot;shape_divider_bottom&quot;:&quot;split&quot;}\" data-pt-parallax-y=\"180\" style=\"background-image: none;\" data-pt-background-image=\"https:\/\/patiotime.loftocean.com\/demo8\/wp-content\/uploads\/sites\/5\/2022\/04\/snezhana-hulak-TUcAOOHdMek-unsplash-2.jpg\">\n\t\t\t\t\t\t\t<div class=\"elementor-background-overlay\"><\/div>\n\t\t\t\t\t\t<div class=\"elementor-shape elementor-shape-bottom\" aria-hidden=\"true\" data-negative=\"false\">\n\t\t\t<svg xmlns=\"http:\/\/www.w3.org\/2000\/svg\" viewBox=\"0 0 1000 20\" preserveAspectRatio=\"none\">\n\t<path class=\"elementor-shape-fill\" d=\"M0,0v3c0,0,393.8,0,483.4,0c9.2,0,16.6,7.4,16.6,16.6c0-9.1,7.4-16.6,16.6-16.6C606.2,3,1000,3,1000,3V0H0z\"\/>\n<\/svg>\t\t<\/div>\n\t\t\t\t\t<div class=\"elementor-container elementor-column-gap-no\">\n\t\t\t\t\t<div class=\"elementor-column elementor-col-100 elementor-top-column elementor-element elementor-element-534bfec1 dark-color\" data-id=\"534bfec1\" data-element_type=\"column\" data-e-type=\"column\">\n\t\t\t<div class=\"elementor-widget-wrap elementor-element-populated\">\n\t\t\t\t\t\t<div class=\"elementor-element elementor-element-2be3b49b elementor-widget elementor-widget-pt_title\" data-id=\"2be3b49b\" data-element_type=\"widget\" data-e-type=\"widget\" data-widget_type=\"pt_title.default\">\n\t\t\t\t<div class=\"elementor-widget-container\">\n\t\t\t\t\t\n        <div class=\"pt-title-wrap text-center\">\t            <h1 class=\"pt-title\">\n\t                \u00c0 propos de nous\t            <\/h1>        <\/div>\t\t\t\t<\/div>\n\t\t\t\t<\/div>\n\t\t\t\t\t<\/div>\n\t\t<\/div>\n\t\t\t\t\t<\/div>\n\t\t<\/section>\n\t\t\t\t<section class=\"elementor-section elementor-top-section elementor-element elementor-element-228c9559 pt-animation-medium-offset elementor-section-boxed elementor-section-height-default elementor-section-height-default elementor-invisible\" data-id=\"228c9559\" data-element_type=\"section\" data-e-type=\"section\" data-settings=\"{&quot;animation&quot;:&quot;fadeInUp&quot;,&quot;animation_delay&quot;:300}\">\n\t\t\t\t\t\t<div class=\"elementor-container elementor-column-gap-no\">\n\t\t\t\t\t<div class=\"elementor-column elementor-col-25 elementor-top-column elementor-element elementor-element-3a6cccba\" data-id=\"3a6cccba\" data-element_type=\"column\" data-e-type=\"column\">\n\t\t\t<div class=\"elementor-widget-wrap elementor-element-populated\">\n\t\t\t\t\t\t<div class=\"elementor-element elementor-element-276e6ea8 elementor-tablet-align-center elementor-widget elementor-widget-pt_rounded_image\" data-id=\"276e6ea8\" data-element_type=\"widget\" data-e-type=\"widget\" data-widget_type=\"pt_rounded_image.default\">\n\t\t\t\t<div class=\"elementor-widget-container\">\n\t\t\t\t\t\t\t\t\t<div class=\"pt-rounded-image\" style=\"border-radius: var(--rounded) var(--rounded) 0 0;\">\n\t\t\t\t\t\t\t\t\t\t<img fetchpriority=\"high\" decoding=\"async\" width=\"1010\" height=\"1327\" src=\"https:\/\/fujikumo.fr\/wp-content\/uploads\/2022\/04\/brooke-cagle-9fHMo1-5Io8-unsplash-2.jpg\" class=\"attachment-full size-full wp-image-6189\" alt=\"\" srcset=\"https:\/\/fujikumo.fr\/wp-content\/uploads\/2022\/04\/brooke-cagle-9fHMo1-5Io8-unsplash-2.jpg 1010w, https:\/\/fujikumo.fr\/wp-content\/uploads\/2022\/04\/brooke-cagle-9fHMo1-5Io8-unsplash-2-228x300.jpg 228w, https:\/\/fujikumo.fr\/wp-content\/uploads\/2022\/04\/brooke-cagle-9fHMo1-5Io8-unsplash-2-779x1024.jpg 779w, https:\/\/fujikumo.fr\/wp-content\/uploads\/2022\/04\/brooke-cagle-9fHMo1-5Io8-unsplash-2-768x1009.jpg 768w, https:\/\/fujikumo.fr\/wp-content\/uploads\/2022\/04\/brooke-cagle-9fHMo1-5Io8-unsplash-2-780x1025.jpg 780w, https:\/\/fujikumo.fr\/wp-content\/uploads\/2022\/04\/brooke-cagle-9fHMo1-5Io8-unsplash-2-600x788.jpg 600w, https:\/\/fujikumo.fr\/wp-content\/uploads\/2022\/04\/brooke-cagle-9fHMo1-5Io8-unsplash-2-550x723.jpg 550w, https:\/\/fujikumo.fr\/wp-content\/uploads\/2022\/04\/brooke-cagle-9fHMo1-5Io8-unsplash-2-370x486.jpg 370w, https:\/\/fujikumo.fr\/wp-content\/uploads\/2022\/04\/brooke-cagle-9fHMo1-5Io8-unsplash-2-255x335.jpg 255w, https:\/\/fujikumo.fr\/wp-content\/uploads\/2022\/04\/brooke-cagle-9fHMo1-5Io8-unsplash-2-114x150.jpg 114w\" sizes=\"(max-width: 1010px) 100vw, 1010px\" \/>\t\t\t\t\t\t\t\t\t<\/div>\t\t\t\t<\/div>\n\t\t\t\t<\/div>\n\t\t\t\t\t<\/div>\n\t\t<\/div>\n\t\t\t\t<div class=\"elementor-column elementor-col-25 elementor-top-column elementor-element elementor-element-3610bf36 elementor-hidden-tablet elementor-hidden-mobile\" data-id=\"3610bf36\" data-element_type=\"column\" data-e-type=\"column\">\n\t\t\t<div class=\"elementor-widget-wrap elementor-element-populated\">\n\t\t\t\t\t\t<div class=\"elementor-element elementor-element-2a1641bf full-height elementor-widget elementor-widget-pt_vertical_divider\" data-id=\"2a1641bf\" data-element_type=\"widget\" data-e-type=\"widget\" data-widget_type=\"pt_vertical_divider.default\">\n\t\t\t\t<div class=\"elementor-widget-container\">\n\t\t\t\t\t\n        <div class=\"pt-vertical-divider divider-grass\">                <div class=\"pt-vd-icon icon-start\">                    <svg xmlns=\"http:\/\/www.w3.org\/2000\/svg\" viewBox=\"0 0 31.06 29.67\">\n                        <path d=\"M36.53,21.85,31.78,18s-7.5.83-9.68,16.39C22.1,34.34,25.7,21.66,36.53,21.85Z\" transform=\"translate(-5.47 -4.66)\"><\/path>\n                        <path class=\"cls-1\" d=\"M5.47,21.85,10.22,18s7.5.83,9.68,16.39C19.9,34.34,16.3,21.66,5.47,21.85Z\" transform=\"translate(-5.47 -4.66)\"><\/path>\n                        <polygon class=\"cls-1\" points=\"15.53 0 18.66 6.56 15.53 22.16 12.39 6.56 15.53 0\"><\/polygon>\n                    <\/svg>                <\/div>            <div class=\"pt-vd-line\"><\/div>                <div class=\"pt-vd-icon icon-end\">                    <svg xmlns=\"http:\/\/www.w3.org\/2000\/svg\" viewBox=\"0 0 31.06 29.67\">\n                        <path d=\"M36.53,21.85,31.78,18s-7.5.83-9.68,16.39C22.1,34.34,25.7,21.66,36.53,21.85Z\" transform=\"translate(-5.47 -4.66)\"><\/path>\n                        <path class=\"cls-1\" d=\"M5.47,21.85,10.22,18s7.5.83,9.68,16.39C19.9,34.34,16.3,21.66,5.47,21.85Z\" transform=\"translate(-5.47 -4.66)\"><\/path>\n                        <polygon class=\"cls-1\" points=\"15.53 0 18.66 6.56 15.53 22.16 12.39 6.56 15.53 0\"><\/polygon>\n                    <\/svg>                <\/div>        <\/div>\t\t\t\t<\/div>\n\t\t\t\t<\/div>\n\t\t\t\t\t<\/div>\n\t\t<\/div>\n\t\t\t\t<div class=\"elementor-column elementor-col-50 elementor-top-column elementor-element elementor-element-781998d5\" data-id=\"781998d5\" data-element_type=\"column\" data-e-type=\"column\">\n\t\t\t<div class=\"elementor-widget-wrap elementor-element-populated\">\n\t\t\t\t\t\t<div class=\"elementor-element elementor-element-7defe9da elementor-widget elementor-widget-pt_title\" data-id=\"7defe9da\" data-element_type=\"widget\" data-e-type=\"widget\" data-widget_type=\"pt_title.default\">\n\t\t\t\t<div class=\"elementor-widget-container\">\n\t\t\t\t\t\n        <div class=\"pt-title-wrap text-center-mobile\">\t            <h4 class=\"pt-title\">\n\t                Notre histoire\t            <\/h4>\t            <div class=\"pt-title-text\">\n\t                <p>Bienvenue dans notre havre de paix, o\u00f9 l&#8217;\u00e9l\u00e9gance de la p\u00e2tisserie fran\u00e7aise rencontre la s\u00e9r\u00e9nit\u00e9 des traditions japonaises. N\u00e9 d&#8217;une passion pour le <b data-path-to-node=\"6,0\" data-index-in-node=\"152\">Matcha<\/b> authentique et l&#8217;art du <b data-path-to-node=\"6,0\" data-index-in-node=\"183\">Wagashi<\/b>, notre salon est une invitation au voyage. Chaque cr\u00e9ation est une promesse d&#8217;\u00e9quilibre : la pr\u00e9cision nippone mari\u00e9e \u00e0 la gourmandise parisienne. Ici, le temps s&#8217;arr\u00eate le temps d&#8217;une infusion, pour laisser place \u00e0 une po\u00e9sie sucr\u00e9e qui \u00e9veille les sens<\/p>\t            <\/div>        <\/div>\t\t\t\t<\/div>\n\t\t\t\t<\/div>\n\t\t\t\t\t<\/div>\n\t\t<\/div>\n\t\t\t\t\t<\/div>\n\t\t<\/section>\n\t\t\t\t<section class=\"elementor-section elementor-top-section elementor-element elementor-element-2d056e72 elementor-section-full_width elementor-section-height-default elementor-section-height-default\" data-id=\"2d056e72\" data-element_type=\"section\" data-e-type=\"section\">\n\t\t\t\t\t\t<div class=\"elementor-container elementor-column-gap-no\">\n\t\t\t\t\t<div class=\"elementor-column elementor-col-100 elementor-top-column elementor-element elementor-element-17d122db\" data-id=\"17d122db\" data-element_type=\"column\" data-e-type=\"column\">\n\t\t\t<div class=\"elementor-widget-wrap elementor-element-populated\">\n\t\t\t\t\t\t<div class=\"elementor-element elementor-element-24e353d7 elementor-widget elementor-widget-pt_instagram\" data-id=\"24e353d7\" data-element_type=\"widget\" data-e-type=\"widget\" data-widget_type=\"pt_instagram.default\">\n\t\t\t\t<div class=\"elementor-widget-container\">\n\t\t\t\t\t\n        <div class=\"pt-instagram column-mosaic small-gap\">\t                <div class=\"pt-instagram-title\">\t                        <a href=\"https:\/\/www.instagram.com\/#\" target=\"_blank\">Suivez-nous sur Instagram\t                        <\/a>\t                <\/div>\t                <ul>\t                        <li>\n\t                        \t\t                        \t\t<div class=\"feed-bg\" style=\"background-image:url(https:\/\/fujikumo.fr\/wp-content\/uploads\/2022\/04\/ig-6.jpg);\"><\/div>\n\t                        \t\t                        <\/li>\t                        <li>\n\t                        \t\t                        \t\t<div class=\"feed-bg\" style=\"background-image:url(https:\/\/fujikumo.fr\/wp-content\/uploads\/2022\/04\/ig-7.jpg);\"><\/div>\n\t                        \t\t                        <\/li>\t                        <li>\n\t                        \t\t                        \t\t<div class=\"feed-bg\" style=\"background-image:url(https:\/\/fujikumo.fr\/wp-content\/uploads\/2022\/04\/ig-8.jpg);\"><\/div>\n\t                        \t\t                        <\/li>\t                        <li>\n\t                        \t\t                        \t\t<div class=\"feed-bg\" style=\"background-image:url(https:\/\/fujikumo.fr\/wp-content\/uploads\/2022\/04\/ig-9.jpg);\"><\/div>\n\t                        \t\t                        <\/li>\t                        <li>\n\t                        \t\t                        \t\t<div class=\"feed-bg\" style=\"background-image:url(https:\/\/fujikumo.fr\/wp-content\/uploads\/2022\/04\/ig-10.jpg);\"><\/div>\n\t                        \t\t                        <\/li>\t                        <li>\n\t                        \t\t                        \t\t<div class=\"feed-bg\" style=\"background-image:url(https:\/\/fujikumo.fr\/wp-content\/uploads\/2022\/04\/ig-11.jpg);\"><\/div>\n\t                        \t\t                        <\/li>\t                        <li>\n\t                        \t\t                        \t\t<div class=\"feed-bg\" style=\"background-image:url(https:\/\/fujikumo.fr\/wp-content\/uploads\/2022\/04\/ig-12.jpg);\"><\/div>\n\t                        \t\t                        <\/li>\t                        <li>\n\t                        \t\t                        \t\t<div class=\"feed-bg\" style=\"background-image:url(https:\/\/fujikumo.fr\/wp-content\/uploads\/2022\/04\/ig-13.jpg);\"><\/div>\n\t                        \t\t                        <\/li>\t                        <li>\n\t                        \t\t                        \t\t<div class=\"feed-bg\" style=\"background-image:url(https:\/\/fujikumo.fr\/wp-content\/uploads\/2022\/04\/ig-14.jpg);\"><\/div>\n\t                        \t\t                        <\/li>\t                        <li>\n\t                        \t\t                        \t\t<div class=\"feed-bg\" style=\"background-image:url(https:\/\/fujikumo.fr\/wp-content\/uploads\/2022\/04\/ig-15.jpg);\"><\/div>\n\t                        \t\t                        <\/li>\t                        <li>\n\t                        \t\t                        \t\t<div class=\"feed-bg\" style=\"background-image:url(https:\/\/fujikumo.fr\/wp-content\/uploads\/2022\/04\/ig-16.jpg);\"><\/div>\n\t                        \t\t                        <\/li>\t                        <li>\n\t                        \t\t                        \t\t<div class=\"feed-bg\" style=\"background-image:url(https:\/\/fujikumo.fr\/wp-content\/uploads\/2022\/04\/ig-17.jpg);\"><\/div>\n\t                        \t\t                        <\/li>\t                        <li>\n\t                        \t\t                        \t\t<div class=\"feed-bg\" style=\"background-image:url(https:\/\/fujikumo.fr\/wp-content\/uploads\/2022\/04\/ig-18.jpg);\"><\/div>\n\t                        \t\t                        <\/li>\t                        <li>\n\t                        \t\t                        \t\t<div class=\"feed-bg\" style=\"background-image:url(https:\/\/fujikumo.fr\/wp-content\/uploads\/2022\/04\/ig-19.jpg);\"><\/div>\n\t                        \t\t                        <\/li>\t                        <li>\n\t                        \t\t                        \t\t<div class=\"feed-bg\" style=\"background-image:url(https:\/\/fujikumo.fr\/wp-content\/uploads\/2022\/04\/ig-20.jpg);\"><\/div>\n\t                        \t\t                        <\/li>\t                <\/ul>        <\/div>\t\t\t\t<\/div>\n\t\t\t\t<\/div>\n\t\t\t\t\t<\/div>\n\t\t<\/div>\n\t\t\t\t\t<\/div>\n\t\t<\/section>\n\t\t\t\t<\/div>\n\t\t","protected":false},"excerpt":{"rendered":"<p>\u00c0 propos de nous Notre histoire Bienvenue dans notre havre de paix, o\u00f9 l&#8217;\u00e9l\u00e9gance de la p\u00e2tisserie fran\u00e7aise rencontre la s\u00e9r\u00e9nit\u00e9 des traditions japonaises. N\u00e9 d&#8217;une passion pour le Matcha authentique et l&#8217;art du Wagashi, notre salon est une invitation au voyage. Chaque cr\u00e9ation est une promesse d&#8217;\u00e9quilibre : la pr\u00e9cision nippone mari\u00e9e \u00e0 la &#8230;<\/p>\n","protected":false},"author":1,"featured_media":0,"parent":0,"menu_order":0,"comment_status":"closed","ping_status":"closed","template":"template-wide-content.php","meta":{"patiotime_single_page_hide_site_header":"","patiotime_single_page_site_header_source":"","patiotime_single_page_custom_site_header":"0","patiotime_single_page_custom_sticky_site_header":"0","patiotime_single_page_custom_page_title_margin_top_source":"","patiotime_single_page_custom_page_title_desktop_margin_top":"","patiotime_single_page_custom_page_title_tablet_margin_top":"","patiotime_single_page_custom_page_title_mobile_margin_top":"","patiotime_single_page_hide_page_title":"on","patiotime_single_page_header_section_size":"","patiotime_single_page_header_background_color":"","patiotime_single_page_header_background_position_x":"center","patiotime_single_page_header_background_position_y":"center","patiotime_single_page_header_background_size":"cover","patiotime_single_page_header_background_repeat":"off","patiotime_single_page_header_background_scroll":"on","patiotime_single_page_header_text_color":"","patiotime_single_page_header_show_breadcrumb":"","patiotime_single_page_site_footer_hide_main":"","patiotime_single_custom_site_footer_main_source":"","patiotime_single_custom_site_footer_main":"0","patiotime_single_page_site_footer_hide_above":"","patiotime_single_custom_site_footer_above_source":"","patiotime_single_custom_site_footer_above":"0","patiotime_single_page_site_footer_hide_instagram":"","patiotime_single_page_site_footer_hide_bottom":"","patiotime_single_custom_mobile_menu_source":"","patiotime_single_custom_mobile_menu":"0","patiotime_single_custom_mobile_menu_animation":"","patiotime_single_custom_mobile_menu_width":"","patiotime_single_custom_mobile_menu_custom_width":375,"footnotes":""},"class_list":["post-4890","page","type-page","status-publish","hentry"],"_links":{"self":[{"href":"https:\/\/fujikumo.fr\/index.php\/wp-json\/wp\/v2\/pages\/4890","targetHints":{"allow":["GET"]}}],"collection":[{"href":"https:\/\/fujikumo.fr\/index.php\/wp-json\/wp\/v2\/pages"}],"about":[{"href":"https:\/\/fujikumo.fr\/index.php\/wp-json\/wp\/v2\/types\/page"}],"author":[{"embeddable":true,"href":"https:\/\/fujikumo.fr\/index.php\/wp-json\/wp\/v2\/users\/1"}],"replies":[{"embeddable":true,"href":"https:\/\/fujikumo.fr\/index.php\/wp-json\/wp\/v2\/comments?post=4890"}],"version-history":[{"count":7,"href":"https:\/\/fujikumo.fr\/index.php\/wp-json\/wp\/v2\/pages\/4890\/revisions"}],"predecessor-version":[{"id":6750,"href":"https:\/\/fujikumo.fr\/index.php\/wp-json\/wp\/v2\/pages\/4890\/revisions\/6750"}],"wp:attachment":[{"href":"https:\/\/fujikumo.fr\/index.php\/wp-json\/wp\/v2\/media?parent=4890"}],"curies":[{"name":"wp","href":"https:\/\/api.w.org\/{rel}","templated":true}]}}